{"id":1063,"date":"2020-10-22T09:07:26","date_gmt":"2020-10-22T09:07:26","guid":{"rendered":"https:\/\/beta.kanzlei-biederer.de\/?page_id=1063"},"modified":"2020-10-22T09:07:26","modified_gmt":"2020-10-22T09:07:26","slug":"impressum","status":"publish","type":"page","link":"https:\/\/rechtsanwaltskanzlei-biederer.de\/index.php\/impressum\/","title":{"rendered":"Impressum"},"content":{"rendered":"<p><div class=\"fusion-fullwidth fullwidth-box fusion-builder-row-1 fusion-flex-container nonhundred-percent-fullwidth non-hundred-percent-height-scrolling\" style=\"--awb-border-radius-top-left:0px;--awb-border-radius-top-right:0px;--awb-border-radius-bottom-right:0px;--awb-border-radius-bottom-left:0px;--awb-flex-wrap:wrap;\" ><div class=\"fusion-builder-row fusion-row fusion-flex-align-items-flex-start fusion-flex-content-wrap\" style=\"max-width:1248px;margin-left: calc(-4% \/ 2 );margin-right: calc(-4% \/ 2 );\"><div class=\"fusion-layout-column fusion_builder_column fusion-builder-column-0 fusion_builder_column_1_1 1_1 fusion-flex-column\" style=\"--awb-bg-size:cover;--awb-width-large:100%;--awb-margin-top-large:0px;--awb-spacing-right-large:1.92%;--awb-margin-bottom-large:20px;--awb-spacing-left-large:1.92%;--awb-width-medium:100%;--awb-order-medium:0;--awb-spacing-right-medium:1.92%;--awb-spacing-left-medium:1.92%;--awb-width-small:100%;--awb-order-small:0;--awb-spacing-right-small:1.92%;--awb-spacing-left-small:1.92%;\"><div class=\"fusion-column-wrapper fusion-column-has-shadow fusion-flex-justify-content-flex-start fusion-content-layout-column\"><div class=\"fusion-title title fusion-title-1 fusion-sep-none fusion-title-text fusion-title-size-one\"><h1 class=\"fusion-title-heading title-heading-left\" style=\"margin:0;\">Impressum<\/h1><\/div><\/div><\/div><div class=\"fusion-layout-column fusion_builder_column fusion-builder-column-1 fusion_builder_column_1_1 1_1 fusion-flex-column\" style=\"--awb-bg-size:cover;--awb-width-large:100%;--awb-margin-top-large:0px;--awb-spacing-right-large:1.92%;--awb-margin-bottom-large:20px;--awb-spacing-left-large:1.92%;--awb-width-medium:100%;--awb-order-medium:0;--awb-spacing-right-medium:1.92%;--awb-spacing-left-medium:1.92%;--awb-width-small:100%;--awb-order-small:0;--awb-spacing-right-small:1.92%;--awb-spacing-left-small:1.92%;\"><div class=\"fusion-column-wrapper fusion-column-has-shadow fusion-flex-justify-content-flex-start fusion-content-layout-column\"><div class=\"fusion-text fusion-text-1\"><p>Kanzlei Maria Biederer<br \/>\nRechtsanw\u00e4ltin Maria Biederer<br \/>\nD. Martin-Luther-Strasse 13<br \/>\n93047 Regensburg<\/p>\n<p>Tel: 0941 \u2013 56 51 86<br \/>\nFax: 0941 \u2013 56 51 87<br \/>\nrak.biederer@t-online.de<br \/>\nUmsatzsteuer-Identifikationsnummer gem\u00e4\u00df \u00a727a Umsatzsteuergesetz: 94735680280<\/p>\n<p><strong>Haftungsausschluss:<\/strong><br \/>\nTrotz sorgf\u00e4ltiger inhaltlicher Kontrolle \u00fcbernehmen wir keine Haftung f\u00fcr die Inhalte externer Links. F\u00fcr den Inhalt der verlinkten Seiten sind ausschlie\u00dflich deren Betreiber verantwortlich.<br \/>\nDie Inhalte auf diesen Seiten wurden nach bestem Wissen und Kenntnisstand erstellt. Wegen der Dynamik der Rechtsgebiete kann keine Haftung \u00fcbernommen werden. Die rechtlichen Ausf\u00fchrungen auf den vorliegenden Seiten sind kein Ersatz f\u00fcr eine Beratung im Einzelfall.<\/p>\n<p><strong>Zulassungen:<\/strong><br \/>\nFrau Maria Biederer darf vor allen Gerichten in der Bundesrepublik Deutschland (mit Ausnahme Bundesgerichtshof in Zivilsachen) auftreten.<\/p>\n<p><strong>Zust\u00e4ndige Rechtsanwaltskammer:<br \/>\n<\/strong>Rechtsanwaltskammer N\u00fcrnberg<br \/>\nF\u00fcrther Stra\u00dfe 115<br \/>\n90429 N\u00fcrnberg<br \/>\nTelefon 0911\/926 33 \u2013 0<br \/>\nTelefax 0911\/926 33 -33<br \/>\ne-mail: info@rak-nbg.de<\/p>\n<p><strong>Die ma\u00dfgeblichen berufsrechtlichen Regelungen f\u00fcr unsere T\u00e4tigkeit sind:<\/strong><br \/>\nBundesrechtsanwaltsordnung (BRAO)<br \/>\nBerufsordnung f\u00fcr Rechtsanw\u00e4lte (BORA)<br \/>\nFachanwaltsordnung (FAO)<br \/>\nRechtsanwaltsverg\u00fctungsgesetz (RVG)<\/p>\n<p>N\u00e4here Informationen \u00fcber alle berufsrechtlichen Regelungen finden Sie auf den Internetseiten der Bundesrechtsanwaltskammer Informationspflichten gem\u00e4\u00df \u00a7 5 TMG<\/p>\n<p><strong>Inhaber dieser Homepage und verantwortlich f\u00fcr den Inhalt im Sinne des Telemediengesetzes und des Presserechts:<\/strong><br \/>\nKanzlei Maria Biederer<br \/>\nRechtsanw\u00e4ltin Maria Biederer<br \/>\nD. Martin-Luther-Strasse 13<br \/>\n93047 Regensburg<br \/>\nTel: 0941 \u2013 56 51 86<br \/>\nFax: 0941 \u2013 56 51 87<br \/>\nrak.biederer@t-online.de<\/p>\n<\/div><\/div><\/div><\/div><\/div><div class=\"fusion-fullwidth fullwidth-box fusion-builder-row-2 fusion-flex-container nonhundred-percent-fullwidth non-hundred-percent-height-scrolling\" style=\"--awb-border-radius-top-left:0px;--awb-border-radius-top-right:0px;--awb-border-radius-bottom-right:0px;--awb-border-radius-bottom-left:0px;--awb-flex-wrap:wrap;\" ><div class=\"fusion-builder-row fusion-row fusion-flex-align-items-flex-start fusion-flex-content-wrap\" style=\"max-width:1248px;margin-left: calc(-4% \/ 2 );margin-right: calc(-4% \/ 2 );\"><\/div><\/div><\/p>\n","protected":false},"excerpt":{"rendered":"","protected":false},"author":1,"featured_media":0,"parent":0,"menu_order":0,"comment_status":"closed","ping_status":"closed","template":"","meta":{"footnotes":""},"class_list":["post-1063","page","type-page","status-publish","hentry"],"yoast_head":"<!-- This site is optimized with the Yoast SEO plugin v26.2 - https:\/\/yoast.com\/wordpress\/plugins\/seo\/ -->\n<title>Impressum - Maria Biederer Rechtsanwaltskanzlei<\/title>\n<meta name=\"robots\" content=\"index, follow, max-snippet:-1, max-image-preview:large, max-video-preview:-1\" \/>\n<link rel=\"canonical\" href=\"https:\/\/rechtsanwaltskanzlei-biederer.de\/index.php\/impressum\/\" \/>\n<meta property=\"og:locale\" content=\"de_DE\" \/>\n<meta property=\"og:type\" content=\"article\" \/>\n<meta property=\"og:title\" content=\"Impressum - Maria Biederer Rechtsanwaltskanzlei\" \/>\n<meta property=\"og:url\" content=\"https:\/\/rechtsanwaltskanzlei-biederer.de\/index.php\/impressum\/\" \/>\n<meta property=\"og:site_name\" content=\"Maria Biederer Rechtsanwaltskanzlei\" \/>\n<meta name=\"twitter:card\" content=\"summary_large_image\" \/>\n<meta name=\"twitter:label1\" content=\"Gesch\u00e4tzte Lesezeit\" \/>\n\t<meta name=\"twitter:data1\" content=\"6\u00a0Minuten\" \/>\n<script type=\"application\/ld+json\" class=\"yoast-schema-graph\">{\"@context\":\"https:\/\/schema.org\",\"@graph\":[{\"@type\":\"WebPage\",\"@id\":\"https:\/\/rechtsanwaltskanzlei-biederer.de\/index.php\/impressum\/\",\"url\":\"https:\/\/rechtsanwaltskanzlei-biederer.de\/index.php\/impressum\/\",\"name\":\"Impressum - Maria Biederer Rechtsanwaltskanzlei\",\"isPartOf\":{\"@id\":\"https:\/\/rechtsanwaltskanzlei-biederer.de\/#website\"},\"datePublished\":\"2020-10-22T09:07:26+00:00\",\"breadcrumb\":{\"@id\":\"https:\/\/rechtsanwaltskanzlei-biederer.de\/index.php\/impressum\/#breadcrumb\"},\"inLanguage\":\"de\",\"potentialAction\":[{\"@type\":\"ReadAction\",\"target\":[\"https:\/\/rechtsanwaltskanzlei-biederer.de\/index.php\/impressum\/\"]}]},{\"@type\":\"BreadcrumbList\",\"@id\":\"https:\/\/rechtsanwaltskanzlei-biederer.de\/index.php\/impressum\/#breadcrumb\",\"itemListElement\":[{\"@type\":\"ListItem\",\"position\":1,\"name\":\"Startseite\",\"item\":\"https:\/\/rechtsanwaltskanzlei-biederer.de\/\"},{\"@type\":\"ListItem\",\"position\":2,\"name\":\"Impressum\"}]},{\"@type\":\"WebSite\",\"@id\":\"https:\/\/rechtsanwaltskanzlei-biederer.de\/#website\",\"url\":\"https:\/\/rechtsanwaltskanzlei-biederer.de\/\",\"name\":\"Maria Biederer Rechtsanwaltskanzlei\",\"description\":\"\",\"potentialAction\":[{\"@type\":\"SearchAction\",\"target\":{\"@type\":\"EntryPoint\",\"urlTemplate\":\"https:\/\/rechtsanwaltskanzlei-biederer.de\/?s={search_term_string}\"},\"query-input\":{\"@type\":\"PropertyValueSpecification\",\"valueRequired\":true,\"valueName\":\"search_term_string\"}}],\"inLanguage\":\"de\"}]}<\/script>\n<!-- \/ Yoast SEO plugin. -->","yoast_head_json":{"title":"Impressum - Maria Biederer Rechtsanwaltskanzlei","robots":{"index":"index","follow":"follow","max-snippet":"max-snippet:-1","max-image-preview":"max-image-preview:large","max-video-preview":"max-video-preview:-1"},"canonical":"https:\/\/rechtsanwaltskanzlei-biederer.de\/index.php\/impressum\/","og_locale":"de_DE","og_type":"article","og_title":"Impressum - Maria Biederer Rechtsanwaltskanzlei","og_url":"https:\/\/rechtsanwaltskanzlei-biederer.de\/index.php\/impressum\/","og_site_name":"Maria Biederer Rechtsanwaltskanzlei","twitter_card":"summary_large_image","twitter_misc":{"Gesch\u00e4tzte Lesezeit":"6\u00a0Minuten"},"schema":{"@context":"https:\/\/schema.org","@graph":[{"@type":"WebPage","@id":"https:\/\/rechtsanwaltskanzlei-biederer.de\/index.php\/impressum\/","url":"https:\/\/rechtsanwaltskanzlei-biederer.de\/index.php\/impressum\/","name":"Impressum - Maria Biederer Rechtsanwaltskanzlei","isPartOf":{"@id":"https:\/\/rechtsanwaltskanzlei-biederer.de\/#website"},"datePublished":"2020-10-22T09:07:26+00:00","breadcrumb":{"@id":"https:\/\/rechtsanwaltskanzlei-biederer.de\/index.php\/impressum\/#breadcrumb"},"inLanguage":"de","potentialAction":[{"@type":"ReadAction","target":["https:\/\/rechtsanwaltskanzlei-biederer.de\/index.php\/impressum\/"]}]},{"@type":"BreadcrumbList","@id":"https:\/\/rechtsanwaltskanzlei-biederer.de\/index.php\/impressum\/#breadcrumb","itemListElement":[{"@type":"ListItem","position":1,"name":"Startseite","item":"https:\/\/rechtsanwaltskanzlei-biederer.de\/"},{"@type":"ListItem","position":2,"name":"Impressum"}]},{"@type":"WebSite","@id":"https:\/\/rechtsanwaltskanzlei-biederer.de\/#website","url":"https:\/\/rechtsanwaltskanzlei-biederer.de\/","name":"Maria Biederer Rechtsanwaltskanzlei","description":"","potentialAction":[{"@type":"SearchAction","target":{"@type":"EntryPoint","urlTemplate":"https:\/\/rechtsanwaltskanzlei-biederer.de\/?s={search_term_string}"},"query-input":{"@type":"PropertyValueSpecification","valueRequired":true,"valueName":"search_term_string"}}],"inLanguage":"de"}]}},"_links":{"self":[{"href":"https:\/\/rechtsanwaltskanzlei-biederer.de\/index.php\/wp-json\/wp\/v2\/pages\/1063","targetHints":{"allow":["GET"]}}],"collection":[{"href":"https:\/\/rechtsanwaltskanzlei-biederer.de\/index.php\/wp-json\/wp\/v2\/pages"}],"about":[{"href":"https:\/\/rechtsanwaltskanzlei-biederer.de\/index.php\/wp-json\/wp\/v2\/types\/page"}],"author":[{"embeddable":true,"href":"https:\/\/rechtsanwaltskanzlei-biederer.de\/index.php\/wp-json\/wp\/v2\/users\/1"}],"replies":[{"embeddable":true,"href":"https:\/\/rechtsanwaltskanzlei-biederer.de\/index.php\/wp-json\/wp\/v2\/comments?post=1063"}],"version-history":[{"count":3,"href":"https:\/\/rechtsanwaltskanzlei-biederer.de\/index.php\/wp-json\/wp\/v2\/pages\/1063\/revisions"}],"predecessor-version":[{"id":1072,"href":"https:\/\/rechtsanwaltskanzlei-biederer.de\/index.php\/wp-json\/wp\/v2\/pages\/1063\/revisions\/1072"}],"wp:attachment":[{"href":"https:\/\/rechtsanwaltskanzlei-biederer.de\/index.php\/wp-json\/wp\/v2\/media?parent=1063"}],"curies":[{"name":"wp","href":"https:\/\/api.w.org\/{rel}","templated":true}]}}